{"id":1167,"date":"2022-07-25T15:28:49","date_gmt":"2022-07-25T18:28:49","guid":{"rendered":"https:\/\/marcelosegreto.com.br\/filarmonicadepasargada\/?post_type=product&#038;p=1167"},"modified":"2025-02-26T17:41:23","modified_gmt":"2025-02-26T20:41:23","slug":"o-habito-da-forca","status":"publish","type":"product","link":"https:\/\/marcelosegreto.com.br\/filarmonicadepasargada\/loja\/produto\/o-habito-da-forca\/","title":{"rendered":"O H\u00e1bito da For\u00e7a"},"content":{"rendered":"<p><span data-sheets-value=\"{&quot;1&quot;:2,&quot;2&quot;:&quot;\u201cO H\u00e1bito da For\u00e7a\u201d \u00e9 o primeiro \u00e1lbum da Filarm\u00f4nica de Pas\u00e1rgada. Produzido por Al\u00ea Siqueira e lan\u00e7ado pelo selo Coaxo do Sapo, de Guilherme Arantes, o CD conta com participa\u00e7\u00f5es especiais de\u00a0Luiz Tatit,\u00a0N\u00e1 Ozzetti,\u00a0Kassin,\u00a0Lurdez da Luz e Cerqueira.\\n\\nFICHA TECNICA \\n\\nprodu\u00e7\u00e3o: Al\u00ea Siqueira \\narranjos: Marcelo Segreto\\npreparador vocal: Wagner Barbosa\\ngrava\u00e7\u00e3o: Pedro Arantes e Gabriel Martini no Est\u00fadio Coaxo do Sapo\\nedi\u00e7\u00e3o: Fernando Henna e Juliano Abramovay\\nmixagem: Pedro Arantes e Gabriel Martini no Est\u00fadio Coaxo do Sapo\\nmasteriza\u00e7\u00e3o: Carlos Freitas no Est\u00fadio Classic Master\\nprojeto gr\u00e1fico: Guto Lacaz\\nfotografias e arte final: Edson Kumasaka\\nfigurino: Yumi Sakate\\nlan\u00e7amento: Selo Coaxo do Sapo\\n\\nGravado no Est\u00fadio Coaxo do Sapo, Cama\u00e7ari - BA, entre 27 de fevereiro e 8 de mar\u00e7o de 2012&quot;}\" data-sheets-userformat=\"{&quot;2&quot;:15293,&quot;3&quot;:{&quot;1&quot;:0},&quot;5&quot;:{&quot;1&quot;:[{&quot;1&quot;:2,&quot;2&quot;:0,&quot;5&quot;:{&quot;1&quot;:2,&quot;2&quot;:0}},{&quot;1&quot;:0,&quot;2&quot;:0,&quot;3&quot;:3},{&quot;1&quot;:1,&quot;2&quot;:0,&quot;4&quot;:1}]},&quot;6&quot;:{&quot;1&quot;:[{&quot;1&quot;:2,&quot;2&quot;:0,&quot;5&quot;:{&quot;1&quot;:2,&quot;2&quot;:0}},{&quot;1&quot;:0,&quot;2&quot;:0,&quot;3&quot;:3},{&quot;1&quot;:1,&quot;2&quot;:0,&quot;4&quot;:1}]},&quot;7&quot;:{&quot;1&quot;:[{&quot;1&quot;:2,&quot;2&quot;:0,&quot;5&quot;:{&quot;1&quot;:2,&quot;2&quot;:0}},{&quot;1&quot;:0,&quot;2&quot;:0,&quot;3&quot;:3},{&quot;1&quot;:1,&quot;2&quot;:0,&quot;4&quot;:1}]},&quot;8&quot;:{&quot;1&quot;:[{&quot;1&quot;:2,&quot;2&quot;:0,&quot;5&quot;:{&quot;1&quot;:2,&quot;2&quot;:0}},{&quot;1&quot;:0,&quot;2&quot;:0,&quot;3&quot;:3},{&quot;1&quot;:1,&quot;2&quot;:0,&quot;4&quot;:1}]},&quot;10&quot;:1,&quot;11&quot;:4,&quot;12&quot;:0,&quot;14&quot;:{&quot;1&quot;:2,&quot;2&quot;:0},&quot;15&quot;:&quot;\\&quot;Helvetica Neue\\&quot;&quot;,&quot;16&quot;:8}\">FICHA TECNICA<\/span><\/p>\n<p>produ\u00e7\u00e3o: Al\u00ea Siqueira<br \/>\narranjos: Marcelo Segreto<br \/>\npreparador vocal: Wagner Barbosa<br \/>\ngrava\u00e7\u00e3o: Pedro Arantes e Gabriel Martini no Est\u00fadio Coaxo do Sapo<br \/>\nedi\u00e7\u00e3o: Fernando Henna e Juliano Abramovay<br \/>\nmixagem: Pedro Arantes e Gabriel Martini no Est\u00fadio Coaxo do Sapo<br \/>\nmasteriza\u00e7\u00e3o: Carlos Freitas no Est\u00fadio Classic Master<br \/>\nprojeto gr\u00e1fico: Guto Lacaz<br \/>\nfotografias e arte final: Edson Kumasaka<br \/>\nfigurino: Yumi Sakate<br \/>\nlan\u00e7amento: Selo Coaxo do Sapo<\/p>\n<p>Gravado no Est\u00fadio Coaxo do Sapo, Cama\u00e7ari &#8211; BA, entre 27 de fevereiro e 8 de mar\u00e7o de 2012<\/p>\n","protected":false},"excerpt":{"rendered":"<p><span data-sheets-value=\"{&quot;1&quot;:2,&quot;2&quot;:&quot;\u201cO H\u00e1bito da For\u00e7a\u201d \u00e9 o primeiro \u00e1lbum da Filarm\u00f4nica de Pas\u00e1rgada. Produzido por Al\u00ea Siqueira e lan\u00e7ado pelo selo Coaxo do Sapo, de Guilherme Arantes, o CD conta com participa\u00e7\u00f5es especiais de\u00a0Luiz Tatit,\u00a0N\u00e1 Ozzetti,\u00a0Kassin,\u00a0Lurdez da Luz e Cerqueira.\\n\\nFICHA TECNICA \\n\\nprodu\u00e7\u00e3o: Al\u00ea Siqueira \\narranjos: Marcelo Segreto\\npreparador vocal: Wagner Barbosa\\ngrava\u00e7\u00e3o: Pedro Arantes e Gabriel Martini no Est\u00fadio Coaxo do Sapo\\nedi\u00e7\u00e3o: Fernando Henna e Juliano Abramovay\\nmixagem: Pedro Arantes e Gabriel Martini no Est\u00fadio Coaxo do Sapo\\nmasteriza\u00e7\u00e3o: Carlos Freitas no Est\u00fadio Classic Master\\nprojeto gr\u00e1fico: Guto Lacaz\\nfotografias e arte final: Edson Kumasaka\\nfigurino: Yumi Sakate\\nlan\u00e7amento: Selo Coaxo do Sapo\\n\\nGravado no Est\u00fadio Coaxo do Sapo, Cama\u00e7ari - BA, entre 27 de fevereiro e 8 de mar\u00e7o de 2012&quot;}\" data-sheets-userformat=\"{&quot;2&quot;:15293,&quot;3&quot;:{&quot;1&quot;:0},&quot;5&quot;:{&quot;1&quot;:[{&quot;1&quot;:2,&quot;2&quot;:0,&quot;5&quot;:{&quot;1&quot;:2,&quot;2&quot;:0}},{&quot;1&quot;:0,&quot;2&quot;:0,&quot;3&quot;:3},{&quot;1&quot;:1,&quot;2&quot;:0,&quot;4&quot;:1}]},&quot;6&quot;:{&quot;1&quot;:[{&quot;1&quot;:2,&quot;2&quot;:0,&quot;5&quot;:{&quot;1&quot;:2,&quot;2&quot;:0}},{&quot;1&quot;:0,&quot;2&quot;:0,&quot;3&quot;:3},{&quot;1&quot;:1,&quot;2&quot;:0,&quot;4&quot;:1}]},&quot;7&quot;:{&quot;1&quot;:[{&quot;1&quot;:2,&quot;2&quot;:0,&quot;5&quot;:{&quot;1&quot;:2,&quot;2&quot;:0}},{&quot;1&quot;:0,&quot;2&quot;:0,&quot;3&quot;:3},{&quot;1&quot;:1,&quot;2&quot;:0,&quot;4&quot;:1}]},&quot;8&quot;:{&quot;1&quot;:[{&quot;1&quot;:2,&quot;2&quot;:0,&quot;5&quot;:{&quot;1&quot;:2,&quot;2&quot;:0}},{&quot;1&quot;:0,&quot;2&quot;:0,&quot;3&quot;:3},{&quot;1&quot;:1,&quot;2&quot;:0,&quot;4&quot;:1}]},&quot;10&quot;:1,&quot;11&quot;:4,&quot;12&quot;:0,&quot;14&quot;:{&quot;1&quot;:2,&quot;2&quot;:0},&quot;15&quot;:&quot;\\&quot;Helvetica Neue\\&quot;&quot;,&quot;16&quot;:8}\">\u201cO H\u00e1bito da For\u00e7a\u201d \u00e9 o primeiro \u00e1lbum da Filarm\u00f4nica de Pas\u00e1rgada. Produzido por Al\u00ea Siqueira e lan\u00e7ado pelo selo Coaxo do Sapo, de Guilherme Arantes, o CD conta com participa\u00e7\u00f5es especiais de Luiz Tatit, N\u00e1 Ozzetti, Kassin, Lurdez da Luz e Cerqueira.<br \/>\n<\/span><\/p>\n","protected":false},"featured_media":1224,"template":"","meta":[],"product_brand":[],"product_cat":[49],"product_tag":[],"class_list":{"0":"post-1167","1":"product","2":"type-product","3":"status-publish","4":"has-post-thumbnail","6":"product_cat-disco","7":"product_shipping_class-melhor_envio_dois","8":"has-media","9":"has-thumbnail","11":"first","12":"instock","13":"shipping-taxable","14":"purchasable","15":"product-type-simple"},"_links":{"self":[{"href":"https:\/\/marcelosegreto.com.br\/filarmonicadepasargada\/wp-json\/wp\/v2\/product\/1167","targetHints":{"allow":["GET"]}}],"collection":[{"href":"https:\/\/marcelosegreto.com.br\/filarmonicadepasargada\/wp-json\/wp\/v2\/product"}],"about":[{"href":"https:\/\/marcelosegreto.com.br\/filarmonicadepasargada\/wp-json\/wp\/v2\/types\/product"}],"wp:featuredmedia":[{"embeddable":true,"href":"https:\/\/marcelosegreto.com.br\/filarmonicadepasargada\/wp-json\/wp\/v2\/media\/1224"}],"wp:attachment":[{"href":"https:\/\/marcelosegreto.com.br\/filarmonicadepasargada\/wp-json\/wp\/v2\/media?parent=1167"}],"wp:term":[{"taxonomy":"product_brand","embeddable":true,"href":"https:\/\/marcelosegreto.com.br\/filarmonicadepasargada\/wp-json\/wp\/v2\/product_brand?post=1167"},{"taxonomy":"product_cat","embeddable":true,"href":"https:\/\/marcelosegreto.com.br\/filarmonicadepasargada\/wp-json\/wp\/v2\/product_cat?post=1167"},{"taxonomy":"product_tag","embeddable":true,"href":"https:\/\/marcelosegreto.com.br\/filarmonicadepasargada\/wp-json\/wp\/v2\/product_tag?post=1167"}],"curies":[{"name":"wp","href":"https:\/\/api.w.org\/{rel}","templated":true}]}}