{"id":1182,"date":"2022-07-25T15:44:01","date_gmt":"2022-07-25T18:44:01","guid":{"rendered":"https:\/\/marcelosegreto.com.br\/filarmonicadepasargada\/?post_type=product&#038;p=1182"},"modified":"2025-02-26T17:40:54","modified_gmt":"2025-02-26T20:40:54","slug":"algorritmos","status":"publish","type":"product","link":"https:\/\/marcelosegreto.com.br\/filarmonicadepasargada\/loja\/produto\/algorritmos\/","title":{"rendered":"Algorritmos"},"content":{"rendered":"<p><span data-sheets-value=\"{&quot;1&quot;:2,&quot;2&quot;:&quot;Lan\u00e7ado pelo selo Coaxo do Sapo de Guilherme Arantes, \\&quot;Algorritmos\\&quot; \u00e9 o terceiro \u00e1lbum da banda Filarm\u00f4nica de Pas\u00e1rgada. Conta com produ\u00e7\u00e3o musical de Al\u00ea Siqueira, encarte de Guto Lacaz e participa\u00e7\u00f5es especiais de Tom Z\u00e9, Guilherme Arantes, Luiz Tatit, N\u00e1 Ozzetti, Ju\u00e7ara Mar\u00e7al, Z\u00e9 Miguel Wisnik, Kassin, Tim Bernardes (O Terno) e Barulho Max.\\n\\nFICHA T\u00c9CNICA\\n\\n\\nProdu\u00e7\u00e3o musical: Al\u00ea Siqueira\\nIdealiza\u00e7\u00e3o, composi\u00e7\u00e3o e arranjo: Marcelo Segreto \\nDire\u00e7\u00e3o musical: Marcelo Segreto\\nEngenheiro de grava\u00e7\u00e3o: Al\u00ea Siqueira\\nAssistente de grava\u00e7\u00e3o: Gregory Fenile\\nEdi\u00e7\u00e3o: Pedro Arantes, Gabriel Spazziani e Gabriel Leite \\nPrepara\u00e7\u00e3o vocal e edi\u00e7\u00e3o de voz: Wagner Barbosa\\nMixagem: Gabriel Spazziani e Gabriel Leite no Est\u00fadio Casa da Lua\u00a0\\nMasteriza\u00e7\u00e3o: Carlos Freitas no Est\u00fadio Classic Master\\nProjeto gr\u00e1fico: Guto Lacaz\\nFotografia e produ\u00e7\u00e3o gr\u00e1fica: Edson Kumasaka\\nFigurino da fotografia: Le soleil d\u2019\u00e9t\u00e9\\nProdu\u00e7\u00e3o executiva: Dalva Santos e Marcelo Segreto \\nLan\u00e7amento: Selo Coaxo do Sapo\\n\\nGravado na Gargol\u00e2ndia, Alambari \u2013 SP, entre 29 de abril e 8 de maio de 2016&quot;}\" data-sheets-userformat=\"{&quot;2&quot;:11009,&quot;3&quot;:{&quot;1&quot;:0},&quot;11&quot;:4,&quot;12&quot;:0,&quot;14&quot;:{&quot;1&quot;:2,&quot;2&quot;:0},&quot;16&quot;:8}\">FICHA T\u00c9CNICA<\/span><\/p>\n<p>Produ\u00e7\u00e3o musical: Al\u00ea Siqueira<br \/>\nIdealiza\u00e7\u00e3o, composi\u00e7\u00e3o e arranjo: Marcelo Segreto<br \/>\nDire\u00e7\u00e3o musical: Marcelo Segreto<br \/>\nEngenheiro de grava\u00e7\u00e3o: Al\u00ea Siqueira<br \/>\nAssistente de grava\u00e7\u00e3o: Gregory Fenile<br \/>\nEdi\u00e7\u00e3o: Pedro Arantes, Gabriel Spazziani e Gabriel Leite<br \/>\nPrepara\u00e7\u00e3o vocal e edi\u00e7\u00e3o de voz: Wagner Barbosa<br \/>\nMixagem: Gabriel Spazziani e Gabriel Leite no Est\u00fadio Casa da Lua<br \/>\nMasteriza\u00e7\u00e3o: Carlos Freitas no Est\u00fadio Classic Master<br \/>\nProjeto gr\u00e1fico: Guto Lacaz<br \/>\nFotografia e produ\u00e7\u00e3o gr\u00e1fica: Edson Kumasaka<br \/>\nFigurino da fotografia: Le soleil d\u2019\u00e9t\u00e9<br \/>\nProdu\u00e7\u00e3o executiva: Dalva Santos e Marcelo Segreto<br \/>\nLan\u00e7amento: Selo Coaxo do Sapo<\/p>\n<p>Gravado na Gargol\u00e2ndia, Alambari \u2013 SP, entre 29 de abril e 8 de maio de 2016<\/p>\n","protected":false},"excerpt":{"rendered":"<p><span data-sheets-value=\"{&quot;1&quot;:2,&quot;2&quot;:&quot;Lan\u00e7ado pelo selo Coaxo do Sapo de Guilherme Arantes, \\&quot;Algorritmos\\&quot; \u00e9 o terceiro \u00e1lbum da banda Filarm\u00f4nica de Pas\u00e1rgada. Conta com produ\u00e7\u00e3o musical de Al\u00ea Siqueira, encarte de Guto Lacaz e participa\u00e7\u00f5es especiais de Tom Z\u00e9, Guilherme Arantes, Luiz Tatit, N\u00e1 Ozzetti, Ju\u00e7ara Mar\u00e7al, Z\u00e9 Miguel Wisnik, Kassin, Tim Bernardes (O Terno) e Barulho Max.\\n\\nFICHA T\u00c9CNICA\\n\\n\\nProdu\u00e7\u00e3o musical: Al\u00ea Siqueira\\nIdealiza\u00e7\u00e3o, composi\u00e7\u00e3o e arranjo: Marcelo Segreto \\nDire\u00e7\u00e3o musical: Marcelo Segreto\\nEngenheiro de grava\u00e7\u00e3o: Al\u00ea Siqueira\\nAssistente de grava\u00e7\u00e3o: Gregory Fenile\\nEdi\u00e7\u00e3o: Pedro Arantes, Gabriel Spazziani e Gabriel Leite \\nPrepara\u00e7\u00e3o vocal e edi\u00e7\u00e3o de voz: Wagner Barbosa\\nMixagem: Gabriel Spazziani e Gabriel Leite no Est\u00fadio Casa da Lua\u00a0\\nMasteriza\u00e7\u00e3o: Carlos Freitas no Est\u00fadio Classic Master\\nProjeto gr\u00e1fico: Guto Lacaz\\nFotografia e produ\u00e7\u00e3o gr\u00e1fica: Edson Kumasaka\\nFigurino da fotografia: Le soleil d\u2019\u00e9t\u00e9\\nProdu\u00e7\u00e3o executiva: Dalva Santos e Marcelo Segreto \\nLan\u00e7amento: Selo Coaxo do Sapo\\n\\nGravado na Gargol\u00e2ndia, Alambari \u2013 SP, entre 29 de abril e 8 de maio de 2016&quot;}\" data-sheets-userformat=\"{&quot;2&quot;:11009,&quot;3&quot;:{&quot;1&quot;:0},&quot;11&quot;:4,&quot;12&quot;:0,&quot;14&quot;:{&quot;1&quot;:2,&quot;2&quot;:0},&quot;16&quot;:8}\">Lan\u00e7ado pelo selo Coaxo do Sapo de Guilherme Arantes, &#8220;Algorritmos&#8221; \u00e9 o terceiro \u00e1lbum da banda Filarm\u00f4nica de Pas\u00e1rgada. Conta com produ\u00e7\u00e3o musical de Al\u00ea Siqueira, encarte de Guto Lacaz e participa\u00e7\u00f5es especiais de Tom Z\u00e9, Guilherme Arantes, Luiz Tatit, N\u00e1 Ozzetti, Ju\u00e7ara Mar\u00e7al, Z\u00e9 Miguel Wisnik, Kassin, Tim Bernardes (O Terno) e Barulho Max.<\/span><\/p>\n","protected":false},"featured_media":1223,"template":"","meta":[],"product_brand":[],"product_cat":[49],"product_tag":[],"class_list":{"0":"post-1182","1":"product","2":"type-product","3":"status-publish","4":"has-post-thumbnail","6":"product_cat-disco","7":"product_shipping_class-melhor_envio_dois","8":"has-media","9":"has-thumbnail","11":"first","12":"instock","13":"shipping-taxable","14":"purchasable","15":"product-type-simple"},"_links":{"self":[{"href":"https:\/\/marcelosegreto.com.br\/filarmonicadepasargada\/wp-json\/wp\/v2\/product\/1182","targetHints":{"allow":["GET"]}}],"collection":[{"href":"https:\/\/marcelosegreto.com.br\/filarmonicadepasargada\/wp-json\/wp\/v2\/product"}],"about":[{"href":"https:\/\/marcelosegreto.com.br\/filarmonicadepasargada\/wp-json\/wp\/v2\/types\/product"}],"wp:featuredmedia":[{"embeddable":true,"href":"https:\/\/marcelosegreto.com.br\/filarmonicadepasargada\/wp-json\/wp\/v2\/media\/1223"}],"wp:attachment":[{"href":"https:\/\/marcelosegreto.com.br\/filarmonicadepasargada\/wp-json\/wp\/v2\/media?parent=1182"}],"wp:term":[{"taxonomy":"product_brand","embeddable":true,"href":"https:\/\/marcelosegreto.com.br\/filarmonicadepasargada\/wp-json\/wp\/v2\/product_brand?post=1182"},{"taxonomy":"product_cat","embeddable":true,"href":"https:\/\/marcelosegreto.com.br\/filarmonicadepasargada\/wp-json\/wp\/v2\/product_cat?post=1182"},{"taxonomy":"product_tag","embeddable":true,"href":"https:\/\/marcelosegreto.com.br\/filarmonicadepasargada\/wp-json\/wp\/v2\/product_tag?post=1182"}],"curies":[{"name":"wp","href":"https:\/\/api.w.org\/{rel}","templated":true}]}}