{"id":1188,"date":"2022-07-25T15:49:26","date_gmt":"2022-07-25T18:49:26","guid":{"rendered":"https:\/\/marcelosegreto.com.br\/filarmonicadepasargada\/?post_type=product&#038;p=1188"},"modified":"2024-04-19T15:05:39","modified_gmt":"2024-04-19T18:05:39","slug":"poster-bacia-hidrografica","status":"publish","type":"product","link":"https:\/\/marcelosegreto.com.br\/filarmonicadepasargada\/loja\/produto\/poster-bacia-hidrografica\/","title":{"rendered":"P\u00f4ster &#8211; Rios de SP (Bacia Hidrografica)"},"content":{"rendered":"","protected":false},"excerpt":{"rendered":"<p><span data-sheets-value=\"{&quot;1&quot;:2,&quot;2&quot;:&quot;P\u00f4ster idealizado pela artista e ge\u00f3grafa Patricia Yamamoto. A ilustra\u00e7\u00e3o \u00e9 baseada no mapa da bacia hidrogr\u00e1fica do munic\u00edpio de S\u00e3o Paulo. Impresso em papel A2 Color Plus Marfim 180g.&quot;}\" data-sheets-userformat=\"{&quot;2&quot;:15293,&quot;3&quot;:{&quot;1&quot;:0},&quot;5&quot;:{&quot;1&quot;:[{&quot;1&quot;:2,&quot;2&quot;:0,&quot;5&quot;:{&quot;1&quot;:2,&quot;2&quot;:0}},{&quot;1&quot;:0,&quot;2&quot;:0,&quot;3&quot;:3},{&quot;1&quot;:1,&quot;2&quot;:0,&quot;4&quot;:1}]},&quot;6&quot;:{&quot;1&quot;:[{&quot;1&quot;:2,&quot;2&quot;:0,&quot;5&quot;:{&quot;1&quot;:2,&quot;2&quot;:0}},{&quot;1&quot;:0,&quot;2&quot;:0,&quot;3&quot;:3},{&quot;1&quot;:1,&quot;2&quot;:0,&quot;4&quot;:1}]},&quot;7&quot;:{&quot;1&quot;:[{&quot;1&quot;:2,&quot;2&quot;:0,&quot;5&quot;:{&quot;1&quot;:2,&quot;2&quot;:0}},{&quot;1&quot;:0,&quot;2&quot;:0,&quot;3&quot;:3},{&quot;1&quot;:1,&quot;2&quot;:0,&quot;4&quot;:1}]},&quot;8&quot;:{&quot;1&quot;:[{&quot;1&quot;:2,&quot;2&quot;:0,&quot;5&quot;:{&quot;1&quot;:2,&quot;2&quot;:0}},{&quot;1&quot;:0,&quot;2&quot;:0,&quot;3&quot;:3},{&quot;1&quot;:1,&quot;2&quot;:0,&quot;4&quot;:1}]},&quot;10&quot;:1,&quot;11&quot;:4,&quot;12&quot;:0,&quot;14&quot;:{&quot;1&quot;:2,&quot;2&quot;:0},&quot;15&quot;:&quot;\\&quot;Helvetica Neue\\&quot;&quot;,&quot;16&quot;:8}\">P\u00f4ster idealizado pela artista e ge\u00f3grafa Patricia Yamamoto. A ilustra\u00e7\u00e3o \u00e9 baseada no mapa da bacia hidrogr\u00e1fica do munic\u00edpio de S\u00e3o Paulo. Impresso em papel Color Plus Marfim 180g com tamanho 31,5 x 44,5 cm.\u00a0<\/span><\/p>\n","protected":false},"featured_media":1222,"template":"","meta":[],"product_brand":[],"product_cat":[53],"product_tag":[],"class_list":{"0":"post-1188","1":"product","2":"type-product","3":"status-publish","4":"has-post-thumbnail","6":"product_cat-poster","7":"product_shipping_class-melhor_envio_dois","8":"has-media","9":"has-thumbnail","11":"first","12":"instock","13":"shipping-taxable","14":"purchasable","15":"product-type-simple"},"_links":{"self":[{"href":"https:\/\/marcelosegreto.com.br\/filarmonicadepasargada\/wp-json\/wp\/v2\/product\/1188","targetHints":{"allow":["GET"]}}],"collection":[{"href":"https:\/\/marcelosegreto.com.br\/filarmonicadepasargada\/wp-json\/wp\/v2\/product"}],"about":[{"href":"https:\/\/marcelosegreto.com.br\/filarmonicadepasargada\/wp-json\/wp\/v2\/types\/product"}],"wp:featuredmedia":[{"embeddable":true,"href":"https:\/\/marcelosegreto.com.br\/filarmonicadepasargada\/wp-json\/wp\/v2\/media\/1222"}],"wp:attachment":[{"href":"https:\/\/marcelosegreto.com.br\/filarmonicadepasargada\/wp-json\/wp\/v2\/media?parent=1188"}],"wp:term":[{"taxonomy":"product_brand","embeddable":true,"href":"https:\/\/marcelosegreto.com.br\/filarmonicadepasargada\/wp-json\/wp\/v2\/product_brand?post=1188"},{"taxonomy":"product_cat","embeddable":true,"href":"https:\/\/marcelosegreto.com.br\/filarmonicadepasargada\/wp-json\/wp\/v2\/product_cat?post=1188"},{"taxonomy":"product_tag","embeddable":true,"href":"https:\/\/marcelosegreto.com.br\/filarmonicadepasargada\/wp-json\/wp\/v2\/product_tag?post=1188"}],"curies":[{"name":"wp","href":"https:\/\/api.w.org\/{rel}","templated":true}]}}